{"id":1290,"date":"2014-06-01T21:45:41","date_gmt":"2014-06-01T19:45:41","guid":{"rendered":"http:\/\/tischlerei-hechenblaikner.at\/?page_id=1290"},"modified":"2019-08-07T14:58:43","modified_gmt":"2019-08-07T12:58:43","slug":"impressum-imprint","status":"publish","type":"page","link":"http:\/\/jungle-productions.com\/en\/kontakt-aufnehmen-zu-jungle-productions\/impressum-imprint\/","title":{"rendered":"Imprint"},"content":{"rendered":"<p><\/p>\n<h2>Haftungsausschluss<\/h2>\n<p>Es\u00a0liegt in der Natur des Internets, Inhalte verschiedener Website-Betreiber miteinander zu verkn\u00fcpfen Da wir jedoch keinen Einfluss auf den Inhalt fremder Internetseiten haben, distanzieren wir uns ausdr\u00fccklich von den Inhalten aller gelinkten Seiten. Der verlinkte Inhalt wurde zum Zeitpunkt der Verlinkung \u00fcberpr\u00fcft und f\u00fcr unbedenklich befunden.\u00a0Diese Erkl\u00e4rung gilt f\u00fcr s\u00e4mtliche auf dieser Website angef\u00fchrten Links. Die in dieser Website ver\u00f6ffentlichten Inhalte sind mit gr\u00f6\u00dfter Sorgfalt recherchiert. Dennoch k\u00f6nnen wir keine Gew\u00e4hr f\u00fcr die vollst\u00e4ndige Richtigkeit \u00fcbernehmen.\u2028 Alle Angaben erfolgen ohne Gew\u00e4hr. Eine Haftung f\u00fcr Sch\u00e4den, die sich aus der Verwendung der in dieser Website ver\u00f6ffentlichten Inhalte oder Services ergeben, ist ausgeschlossen.<\/p>\n<h2>Informationen gem\u00e4\u00df E-Commerce Gesetz, Unternehmensgesetzbuch und Gewerbeordnung<\/h2>\n<table>\n<colgroup>\n<col width=\"200\" \/>\n<col \/><\/colgroup>\n<tbody>\n<tr>\n<td>Firma: selbstgew\u00e4hlte Bezeichnung:<\/td>\n<td>Bernhard \"Bezi\" Freinademetz <br \/>Jungle Productions<br \/>TV Produktionen und Filmservice<\/td>\n<\/tr>\n<tr>\n<td>E-Mail: Mobiltelefon:<\/td>\n<td><a href=\"&#109;a&#x69;l&#x74;o&#x3a;b&#x65;&#122;&#x69;&#64;&#x6a;&#117;&#x6e;&#103;l&#101;-&#x70;r&#x6f;d&#x75;&#99;&#x74;&#105;&#x6f;&#110;&#x73;&#46;&#x63;&#111;m\">&#98;&#x65;&#122;&#x69;&#64;&#106;&#x75;&#110;&#x67;l&#x65;-&#112;&#x72;&#111;&#x64;u&#x63;&#x74;&#105;&#x6f;n&#x73;&#46;&#99;&#x6f;&#109;<\/a> \t<a class=\"\" href=\"tel:+436764277347\">Mobil +43 676 4277347<\/a><\/td>\n<\/tr>\n<tr>\n<td>Adresse:<\/td>\n<td>\n<p>Anton Rauch Strasse 31 <br \/>A-6020 Innsbruck <br \/>\u00d6sterreich<\/p>\n<p>zum <a title=\"Anfahrt\" href=\"http:\/\/jungle-productions.com\/kontakt-aufnehmen-zu-jungle-productions\/anfahrt\/\">Routenplaner<\/a><\/p>\n<\/td>\n<\/tr>\n<tr>\n<td>zust. Beh\u00f6rde:<\/td>\n<td>Bezirkshauptmannschaft\u00a0Innsbruck<\/td>\n<\/tr>\n<tr>\n<td>Gewerbeberechtigung:<\/td>\n<td>\u00a0<\/td>\n<\/tr>\n<tr>\n<td>UID-Nummer:<\/td>\n<td>ATU 48139606<\/td>\n<\/tr>\n<tr>\n<td>Mitgliedschaft:<\/td>\n<td>Wirtschaftskammer Tirol<\/td>\n<\/tr>\n<\/tbody>\n<\/table>\n<h2>Impressum gem\u00e4\u00df Mediengesetz<\/h2>\n<table>\n<colgroup>\n<col width=\"200\" \/>\n<col \/><\/colgroup>\n<tbody>\n<tr>\n<td>Medieninhaber\/ Herausgeber:<\/td>\n<td>Bernhard \"Bezi\" Freinademetz Anton Rauch Strasse 31 6020 Innsbruck \u00d6sterreich<\/td>\n<\/tr>\n<tr>\n<td>Gegenstand der\u00a0 Internetpr\u00e4sentation:<\/td>\n<td>Pr\u00e4sentation des Angebotes\u00a0von Jungle Productions - Filmproduktion und Location Scouting<\/td>\n<\/tr>\n<tr>\n<td>Medienunternehmen\/ Hersteller:<\/td>\n<td><a title=\"Werbeagentur Webdesign Gallzein Tirol\" href=\"http:\/\/www.primemarketing.at\/\" target=\"_blank\" rel=\"noopener noreferrer\">PrimeMarketing<\/a> A-6222 Gallzein Hochgallzein 11b (c) 2010 PrimeMarketing<\/td>\n<\/tr>\n<\/tbody>\n<\/table>\n<h2>Bildnachweis<\/h2>\n<ul>\n<li>Bilder von Wikipedia unter\u00a0<a title=\"Wikipedia Lizenz\" href=\"http:\/\/de.wikipedia.org\/wiki\/Wikipedia:Lizenzbestimmungen_Commons_Attribution-ShareAlike_3.0_Unported\" target=\"_blank\" rel=\"noopener noreferrer\">Creative-Commons-Lizenz\u00a0Attribution-ShareAlike 3.0 Unported<\/a><\/li>\n<li>Archiv Bernhard Freinademetz<\/li>\n<li>Archiv\u00a0<a title=\"Webdesign und Werbeagentur PrimeMarketing - Ing. Heinz Laab\" href=\"http:\/\/www.primemarketing.at\/\" target=\"_blank\" rel=\"noopener noreferrer\">PrimeMarketing<\/a>\u00a0- (c) Ing. Heinz Laab<\/li>\n<li>Stockphoto\u00a0<a href=\"http:\/\/de.fotolia.com\/\" target=\"_blank\" rel=\"noopener noreferrer\">Fotolia<\/a><\/li>\n<li>Stockphoto\u00a0Stock.XCHNG<\/li>\n<\/ul>\n<p><\/p>","protected":false},"excerpt":{"rendered":"<p>Haftungsausschluss Es\u00a0liegt in der Natur des Internets, Inhalte verschiedener Website-Betreiber miteinander zu verkn\u00fcpfen Da wir jedoch keinen Einfluss auf den Inhalt fremder Internetseiten haben, distanzieren wir uns ausdr\u00fccklich von den Inhalten aller gelinkten Seiten. Der verlinkte Inhalt wurde zum Zeitpunkt der Verlinkung \u00fcberpr\u00fcft und f\u00fcr unbedenklich befunden.\u00a0Diese Erkl\u00e4rung gilt f\u00fcr s\u00e4mtliche auf dieser Website angef\u00fchrten &hellip; <\/p>\n<p class=\"link-more\"><a href=\"http:\/\/jungle-productions.com\/en\/kontakt-aufnehmen-zu-jungle-productions\/impressum-imprint\/\" class=\"more-link\">Continue reading<span class=\"screen-reader-text\"> \"Imprint\"<\/span><\/a><\/p>\n","protected":false},"author":2,"featured_media":0,"parent":1307,"menu_order":0,"comment_status":"closed","ping_status":"closed","template":"sidebar-page.php","meta":{"_mi_skip_tracking":false,"_exactmetrics_sitenote_active":false,"_exactmetrics_sitenote_note":"","_exactmetrics_sitenote_category":0},"_links":{"self":[{"href":"http:\/\/jungle-productions.com\/en\/wp-json\/wp\/v2\/pages\/1290"}],"collection":[{"href":"http:\/\/jungle-productions.com\/en\/wp-json\/wp\/v2\/pages"}],"about":[{"href":"http:\/\/jungle-productions.com\/en\/wp-json\/wp\/v2\/types\/page"}],"author":[{"embeddable":true,"href":"http:\/\/jungle-productions.com\/en\/wp-json\/wp\/v2\/users\/2"}],"replies":[{"embeddable":true,"href":"http:\/\/jungle-productions.com\/en\/wp-json\/wp\/v2\/comments?post=1290"}],"version-history":[{"count":6,"href":"http:\/\/jungle-productions.com\/en\/wp-json\/wp\/v2\/pages\/1290\/revisions"}],"predecessor-version":[{"id":5196,"href":"http:\/\/jungle-productions.com\/en\/wp-json\/wp\/v2\/pages\/1290\/revisions\/5196"}],"up":[{"embeddable":true,"href":"http:\/\/jungle-productions.com\/en\/wp-json\/wp\/v2\/pages\/1307"}],"wp:attachment":[{"href":"http:\/\/jungle-productions.com\/en\/wp-json\/wp\/v2\/media?parent=1290"}],"curies":[{"name":"wp","href":"https:\/\/api.w.org\/{rel}","templated":true}]}}