{"id":3359,"date":"0201-06-01T18:54:37","date_gmt":"1969-12-31T22:00:00","guid":{"rendered":"http:\/\/tischlerei-hechenblaikner.at\/?page_id=3359"},"modified":"2019-08-22T14:30:50","modified_gmt":"2019-08-22T12:30:50","slug":"dienstleistungen-von-jungle-productions-services-provided-by-jungle-productions","status":"publish","type":"page","link":"http:\/\/jungle-productions.com\/en\/dienstleistungen-von-jungle-productions-services-provided-by-jungle-productions\/","title":{"rendered":"Services provided by Jungle Productions"},"content":{"rendered":"<p><\/p>\n<p>From location to full service.<\/p>\n        <div class=\"wcp-carousel-main-wrap\">\n        <section class=\"wcp-slick\"  data-accessibility = on data-autoplaySpeed = 3000 data-pauseonhover = on data-infinite = on data-dots = on data-slidesToShow = 3 data-slidesToShowtab = 2 data-slidesToShowmob = 1 data-slidesToScroll = 1 data-speed = 1000 data-margin = 10px data-arrows = on data-rows = 1 data-slidesPerRow = 3 id=\"carousel-5116\">\n\n                            <div class=\"slick-slide carousel-item-3900\">\n                    <div class=\"rpc-post-carousel4 rpc-box rpc-bg style6\">\n\t<div class=\"rpc-post-image\">\n\t\t<a href=\"http:\/\/jungle-productions.com\/en\/service-produktionservice-production\/\" target=\"_self\">\n\t\t\t<div class=\"fixed-height-image\"><img width=\"525\" height=\"394\" src=\"\/wp-content\/uploads\/2016\/11\/jungle-productions-bezi-freinademetz-5-von-7.jpg\" class=\"attachment-large size-large wp-post-image\" alt=\"\" decoding=\"async\" loading=\"lazy\" srcset=\"\/wp-content\/uploads\/2016\/11\/jungle-productions-bezi-freinademetz-5-von-7.jpg 1000w, \/wp-content\/uploads\/2016\/11\/jungle-productions-bezi-freinademetz-5-von-7-300x225.jpg 300w, \/wp-content\/uploads\/2016\/11\/jungle-productions-bezi-freinademetz-5-von-7-768x576.jpg 768w\" sizes=\"100vw\" \/><\/div>\t\t<\/a>\n\t<\/div>\n\n\t<div class=\"rpc-post-category\">\n\t\t<a href=\"http:\/\/jungle-productions.com\/en\/category\/service\/\">Service<\/a>\t<\/div>\n\t<span class=\"rpc-post-date rpc-date\">\n\t\t<i class=\"fa fa-clock-o\"><\/i>\n\t\t20. July 2014\t<\/span>\n\t<h3 class=\"rpc-post-title\">\n\t\t<a href=\"http:\/\/jungle-productions.com\/en\/service-produktionservice-production\/\" class=\"rpc-title\" target=\"_self\">\n\t\t\tService Production\t\t<\/a>\n\t<\/h3>\n\t<div class=\"clearfix\"><\/div>\n\t<div class=\"rpc-post-para rpc-content\">\n        <ul><li>Production management, logistics, locations in mid Europe and Romania<\/li><li><strong>Location archive<\/strong>: Europe, Austria, Tirol, Osttirol, S\u00fcdtirol, Vorarlberg, Salzburg, K\u00e4rnten, Ober\u00f6sterreich, Steiermark, ...                        <br>\n                <a href=\"http:\/\/jungle-productions.com\/en\/service-produktionservice-production\/\" target=\"_self\" class=\"\">More \u00bb<\/a>\n        \t<\/div>\n\t\t<span class=\"rpc-post-meta wcp-disable-post-meta\">\n\t\t<i class=\"fa fa-user\"><\/i>\n\t\t<a href=\"http:\/\/jungle-productions.com\/en\/author\/bezi\/\" title=\"Posts by Bezi Freinademetz\" rel=\"author\">Bezi Freinademetz<\/a>\t<\/span>\n\t<span class=\"rpc-comment-box wcp-disable-post-meta\">\n\t\t<span class=\"rpc-post-comment\">\n\t\t\t<i class=\"fa fa-comment\"><\/i>\n\t\t\t0\t\t\t\n\t\t<\/span>\t\t\t\t\t\n\t<\/span>\n\t\t<div class=\"clearfix\"><\/div>\n<\/div>                <\/div>    \n\n                            <div class=\"slick-slide carousel-item-3902\">\n                    <div class=\"rpc-post-carousel4 rpc-box rpc-bg style6\">\n\t<div class=\"rpc-post-image\">\n\t\t<a href=\"http:\/\/jungle-productions.com\/en\/drehorte-suchenlocation-scouting\/\" target=\"_self\">\n\t\t\t<div class=\"fixed-height-image\"><img width=\"525\" height=\"350\" src=\"\/wp-content\/uploads\/2014\/07\/www.jungle-productions.com_47-1024x682.jpg\" class=\"attachment-large size-large wp-post-image\" alt=\"winterliche Traumlandschaft direkt neben der Strasse in Tirol\" decoding=\"async\" loading=\"lazy\" srcset=\"\/wp-content\/uploads\/2014\/07\/www.jungle-productions.com_47-1024x682.jpg 1024w, \/wp-content\/uploads\/2014\/07\/www.jungle-productions.com_47-300x200.jpg 300w, \/wp-content\/uploads\/2014\/07\/www.jungle-productions.com_47.jpg 1620w\" sizes=\"100vw\" \/><\/div>\t\t<\/a>\n\t<\/div>\n\n\t<div class=\"rpc-post-category\">\n\t\t<a href=\"http:\/\/jungle-productions.com\/en\/category\/service\/\">Service<\/a>\t<\/div>\n\t<span class=\"rpc-post-date rpc-date\">\n\t\t<i class=\"fa fa-clock-o\"><\/i>\n\t\t19. July 2014\t<\/span>\n\t<h3 class=\"rpc-post-title\">\n\t\t<a href=\"http:\/\/jungle-productions.com\/en\/drehorte-suchenlocation-scouting\/\" class=\"rpc-title\" target=\"_self\">\n\t\t\tLocation Scouting\t\t<\/a>\n\t<\/h3>\n\t<div class=\"clearfix\"><\/div>\n\t<div class=\"rpc-post-para rpc-content\">\n        <p>The Alps offer various different landscapes and architecture. From classic more than 100 years old chalets to outstanding modern architecture.<\/p><p>Our ...                        <br>\n                <a href=\"http:\/\/jungle-productions.com\/en\/drehorte-suchenlocation-scouting\/\" target=\"_self\" class=\"\">More \u00bb<\/a>\n        \t<\/div>\n\t\t<span class=\"rpc-post-meta wcp-disable-post-meta\">\n\t\t<i class=\"fa fa-user\"><\/i>\n\t\t<a href=\"http:\/\/jungle-productions.com\/en\/author\/bezi\/\" title=\"Posts by Bezi Freinademetz\" rel=\"author\">Bezi Freinademetz<\/a>\t<\/span>\n\t<span class=\"rpc-comment-box wcp-disable-post-meta\">\n\t\t<span class=\"rpc-post-comment\">\n\t\t\t<i class=\"fa fa-comment\"><\/i>\n\t\t\t0\t\t\t\n\t\t<\/span>\t\t\t\t\t\n\t<\/span>\n\t\t<div class=\"clearfix\"><\/div>\n<\/div>                <\/div>    \n\n                            <div class=\"slick-slide carousel-item-3921\">\n                    <div class=\"rpc-post-carousel4 rpc-box rpc-bg style6\">\n\t<div class=\"rpc-post-image\">\n\t\t<a href=\"http:\/\/jungle-productions.com\/en\/tv-produktionentv-productions\/\" target=\"_self\">\n\t\t\t<div class=\"fixed-height-image\"><img width=\"525\" height=\"394\" src=\"\/wp-content\/uploads\/2014\/09\/IMG_6742-1024x768.jpg\" class=\"attachment-large size-large wp-post-image\" alt=\"Filmdreh in Gletscherspalte\/ Shoot in a crevasse on a glacier\" decoding=\"async\" loading=\"lazy\" srcset=\"\/wp-content\/uploads\/2014\/09\/IMG_6742-1024x768.jpg 1024w, \/wp-content\/uploads\/2014\/09\/IMG_6742-300x225.jpg 300w, \/wp-content\/uploads\/2014\/09\/IMG_6742.jpg 1440w\" sizes=\"100vw\" \/><\/div>\t\t<\/a>\n\t<\/div>\n\n\t<div class=\"rpc-post-category\">\n\t\t<a href=\"http:\/\/jungle-productions.com\/en\/category\/service\/\">Service<\/a>\t<\/div>\n\t<span class=\"rpc-post-date rpc-date\">\n\t\t<i class=\"fa fa-clock-o\"><\/i>\n\t\t18. July 2014\t<\/span>\n\t<h3 class=\"rpc-post-title\">\n\t\t<a href=\"http:\/\/jungle-productions.com\/en\/tv-produktionentv-productions\/\" class=\"rpc-title\" target=\"_self\">\n\t\t\tTV Productions\t\t<\/a>\n\t<\/h3>\n\t<div class=\"clearfix\"><\/div>\n\t<div class=\"rpc-post-para rpc-content\">\n        <p>Jungle Productions is your one stop shop for a wide range of services in the film industry.<\/p><ul><li>Commercials<\/li><li>Documentaries<\/li><li>Sports TV shows<\/li><li>Events live ...                        <br>\n                <a href=\"http:\/\/jungle-productions.com\/en\/tv-produktionentv-productions\/\" target=\"_self\" class=\"\">More \u00bb<\/a>\n        \t<\/div>\n\t\t<span class=\"rpc-post-meta wcp-disable-post-meta\">\n\t\t<i class=\"fa fa-user\"><\/i>\n\t\t<a href=\"http:\/\/jungle-productions.com\/en\/author\/bezi\/\" title=\"Posts by Bezi Freinademetz\" rel=\"author\">Bezi Freinademetz<\/a>\t<\/span>\n\t<span class=\"rpc-comment-box wcp-disable-post-meta\">\n\t\t<span class=\"rpc-post-comment\">\n\t\t\t<i class=\"fa fa-comment\"><\/i>\n\t\t\t0\t\t\t\n\t\t<\/span>\t\t\t\t\t\n\t<\/span>\n\t\t<div class=\"clearfix\"><\/div>\n<\/div>                <\/div>    \n\n                            <div class=\"slick-slide carousel-item-3919\">\n                    <div class=\"rpc-post-carousel4 rpc-box rpc-bg style6\">\n\t<div class=\"rpc-post-image\">\n\t\t<a href=\"http:\/\/jungle-productions.com\/en\/kameracamera\/\" target=\"_self\">\n\t\t\t<div class=\"fixed-height-image\"><img width=\"525\" height=\"394\" src=\"\/wp-content\/uploads\/2014\/06\/IMG_9975-1024x768.jpg\" class=\"attachment-large size-large wp-post-image\" alt=\"Ian Fleming Dokumentary, reenactments Telemark Style - March 2013\" decoding=\"async\" loading=\"lazy\" srcset=\"\/wp-content\/uploads\/2014\/06\/IMG_9975-1024x768.jpg 1024w, \/wp-content\/uploads\/2014\/06\/IMG_9975-300x225.jpg 300w, \/wp-content\/uploads\/2014\/06\/IMG_9975.jpg 1440w\" sizes=\"100vw\" \/><\/div>\t\t<\/a>\n\t<\/div>\n\n\t<div class=\"rpc-post-category\">\n\t\t<a href=\"http:\/\/jungle-productions.com\/en\/category\/service\/\">Service<\/a>\t<\/div>\n\t<span class=\"rpc-post-date rpc-date\">\n\t\t<i class=\"fa fa-clock-o\"><\/i>\n\t\t18. July 2014\t<\/span>\n\t<h3 class=\"rpc-post-title\">\n\t\t<a href=\"http:\/\/jungle-productions.com\/en\/kameracamera\/\" class=\"rpc-title\" target=\"_self\">\n\t\t\tCamera\t\t<\/a>\n\t<\/h3>\n\t<div class=\"clearfix\"><\/div>\n\t<div class=\"rpc-post-para rpc-content\">\n        <p><strong>Alpine moveable 2nd unit team<\/strong><\/p><ul><li>16 or 35 mm,<\/li><li>HD camera<\/li><li>RED<\/li><li>Alexa<\/li><li>Canon 5 D, 7 D<\/li><\/ul><p><strong>Tracking shots pov on<\/strong><\/p><ul><li>ski, snowboard<\/li><li>snowmobiles<\/li><li>quads<\/li><li>motorbikes<\/li><\/ul><p><strong>Setphotos, event photography, stills<\/strong><\/p><p><a ...                        <br>\n                <a href=\"http:\/\/jungle-productions.com\/en\/kameracamera\/\" target=\"_self\" class=\"\">More \u00bb<\/a>\n        \t<\/div>\n\t\t<span class=\"rpc-post-meta wcp-disable-post-meta\">\n\t\t<i class=\"fa fa-user\"><\/i>\n\t\t<a href=\"http:\/\/jungle-productions.com\/en\/author\/bezi\/\" title=\"Posts by Bezi Freinademetz\" rel=\"author\">Bezi Freinademetz<\/a>\t<\/span>\n\t<span class=\"rpc-comment-box wcp-disable-post-meta\">\n\t\t<span class=\"rpc-post-comment\">\n\t\t\t<i class=\"fa fa-comment\"><\/i>\n\t\t\t0\t\t\t\n\t\t<\/span>\t\t\t\t\t\n\t<\/span>\n\t\t<div class=\"clearfix\"><\/div>\n<\/div>                <\/div>    \n\n                            <div class=\"slick-slide carousel-item-3917\">\n                    <div class=\"rpc-post-carousel4 rpc-box rpc-bg style6\">\n\t<div class=\"rpc-post-image\">\n\t\t<a href=\"http:\/\/jungle-productions.com\/en\/alpinberatungalpine-consulting\/\" target=\"_self\">\n\t\t\t<div class=\"fixed-height-image\"><img width=\"525\" height=\"394\" src=\"\/wp-content\/uploads\/2014\/07\/P1030522-1024x768.jpg\" class=\"attachment-large size-large wp-post-image\" alt=\"Tommy Bonapace - high alpine rigging\" decoding=\"async\" loading=\"lazy\" srcset=\"\/wp-content\/uploads\/2014\/07\/P1030522-1024x768.jpg 1024w, \/wp-content\/uploads\/2014\/07\/P1030522-300x225.jpg 300w, \/wp-content\/uploads\/2014\/07\/P1030522.jpg 1440w\" sizes=\"100vw\" \/><\/div>\t\t<\/a>\n\t<\/div>\n\n\t<div class=\"rpc-post-category\">\n\t\t<a href=\"http:\/\/jungle-productions.com\/en\/category\/service\/\">Service<\/a>\t<\/div>\n\t<span class=\"rpc-post-date rpc-date\">\n\t\t<i class=\"fa fa-clock-o\"><\/i>\n\t\t18. July 2014\t<\/span>\n\t<h3 class=\"rpc-post-title\">\n\t\t<a href=\"http:\/\/jungle-productions.com\/en\/alpinberatungalpine-consulting\/\" class=\"rpc-title\" target=\"_self\">\n\t\t\tAlpine consulting\t\t<\/a>\n\t<\/h3>\n\t<div class=\"clearfix\"><\/div>\n\t<div class=\"rpc-post-para rpc-content\">\n        <ul><li>Alpine safety, ropeworks, rigging, snow constructions, ramps bivuacs, igloos, etc<\/li><li>Script development, we can help to create realistic stories<\/li><li>We work together ...                        <br>\n                <a href=\"http:\/\/jungle-productions.com\/en\/alpinberatungalpine-consulting\/\" target=\"_self\" class=\"\">More \u00bb<\/a>\n        \t<\/div>\n\t\t<span class=\"rpc-post-meta wcp-disable-post-meta\">\n\t\t<i class=\"fa fa-user\"><\/i>\n\t\t<a href=\"http:\/\/jungle-productions.com\/en\/author\/bezi\/\" title=\"Posts by Bezi Freinademetz\" rel=\"author\">Bezi Freinademetz<\/a>\t<\/span>\n\t<span class=\"rpc-comment-box wcp-disable-post-meta\">\n\t\t<span class=\"rpc-post-comment\">\n\t\t\t<i class=\"fa fa-comment\"><\/i>\n\t\t\t0\t\t\t\n\t\t<\/span>\t\t\t\t\t\n\t<\/span>\n\t\t<div class=\"clearfix\"><\/div>\n<\/div>                <\/div>    \n\n                            <div class=\"slick-slide carousel-item-3915\">\n                    <div class=\"rpc-post-carousel4 rpc-box rpc-bg style6\">\n\t<div class=\"rpc-post-image\">\n\t\t<a href=\"http:\/\/jungle-productions.com\/en\/motivaufnahmeleitunglocation-management\/\" target=\"_self\">\n\t\t\t<div class=\"fixed-height-image\"><img width=\"525\" height=\"350\" src=\"\/wp-content\/uploads\/2014\/07\/IMG_4456-1024x682.jpg\" class=\"attachment-large size-large wp-post-image\" alt=\"Bezi copy?\" decoding=\"async\" loading=\"lazy\" srcset=\"\/wp-content\/uploads\/2014\/07\/IMG_4456-1024x682.jpg 1024w, \/wp-content\/uploads\/2014\/07\/IMG_4456-300x200.jpg 300w, \/wp-content\/uploads\/2014\/07\/IMG_4456.jpg 1620w\" sizes=\"100vw\" \/><\/div>\t\t<\/a>\n\t<\/div>\n\n\t<div class=\"rpc-post-category\">\n\t\t<a href=\"http:\/\/jungle-productions.com\/en\/category\/service\/\">Service<\/a>\t<\/div>\n\t<span class=\"rpc-post-date rpc-date\">\n\t\t<i class=\"fa fa-clock-o\"><\/i>\n\t\t18. July 2014\t<\/span>\n\t<h3 class=\"rpc-post-title\">\n\t\t<a href=\"http:\/\/jungle-productions.com\/en\/motivaufnahmeleitunglocation-management\/\" class=\"rpc-title\" target=\"_self\">\n\t\t\tLocation Management\t\t<\/a>\n\t<\/h3>\n\t<div class=\"clearfix\"><\/div>\n\t<div class=\"rpc-post-para rpc-content\">\n        <ul><li>No project too small, no project too big<\/li><li>Good organization to bring home beautiful footage<\/li><li>Contacts all over the alps<\/li><li>Experience from Hollywood ...                        <br>\n                <a href=\"http:\/\/jungle-productions.com\/en\/motivaufnahmeleitunglocation-management\/\" target=\"_self\" class=\"\">More \u00bb<\/a>\n        \t<\/div>\n\t\t<span class=\"rpc-post-meta wcp-disable-post-meta\">\n\t\t<i class=\"fa fa-user\"><\/i>\n\t\t<a href=\"http:\/\/jungle-productions.com\/en\/author\/bezi\/\" title=\"Posts by Bezi Freinademetz\" rel=\"author\">Bezi Freinademetz<\/a>\t<\/span>\n\t<span class=\"rpc-comment-box wcp-disable-post-meta\">\n\t\t<span class=\"rpc-post-comment\">\n\t\t\t<i class=\"fa fa-comment\"><\/i>\n\t\t\t0\t\t\t\n\t\t<\/span>\t\t\t\t\t\n\t<\/span>\n\t\t<div class=\"clearfix\"><\/div>\n<\/div>                <\/div>    \n\n                \n        <\/section>\n        <\/div>\n        <style>#carousel-5116 .slick-prev:before, #carousel-5116 .slick-next:before { color: #000000 !important;}#carousel-5116 .slick-slide { margin: 2px 10px; } #carousel-5116 .rpc-title { color: ; } #carousel-5116 .rpc-content { color: ; } #carousel-5116 .rpc-date { background-color: ; } #carousel-5116 .rpc-date { color: ; } #carousel-5116 .rpc-overlay { background-color: ; } #carousel-5116 .carousel-style9 { border-top-color: ; } #carousel-5116 .carousel-style9 .button:before { background-color: ; } #carousel-5116 .rpc-box { box-shadow: 1px 1px 3px rgba(0, 0, 0, 0.3); } #carousel-5116 .rpc-bg { background-color: ; } #carousel-5116 .rpc-title-bg { background-color: ; } #carousel-5116 .fixed-height-image { height: 300px; } #carousel-5116 .style4 { padding: 10px; } #carousel-5116 .style6 { padding: 10px; } #carousel-5116 .slick-next:before { content: '\\ \\f0a9 '; } #carousel-5116 .slick-prev:before { content: '\\ \\f0a8'; }#carousel-5116 .rpc-title { font-family: ; } #carousel-5116 .rpc-title { font-size: ; } #carousel-5116 .rpc-content { font-family: ; } #carousel-5116 .rpc-content { font-size: ; } <\/style>\n<p><\/p>","protected":false},"excerpt":{"rendered":"<p>From location to full service.<\/p>\n","protected":false},"author":2,"featured_media":5202,"parent":0,"menu_order":0,"comment_status":"closed","ping_status":"closed","template":"","meta":{"_mi_skip_tracking":false,"_exactmetrics_sitenote_active":false,"_exactmetrics_sitenote_note":"","_exactmetrics_sitenote_category":0},"_links":{"self":[{"href":"http:\/\/jungle-productions.com\/en\/wp-json\/wp\/v2\/pages\/3359"}],"collection":[{"href":"http:\/\/jungle-productions.com\/en\/wp-json\/wp\/v2\/pages"}],"about":[{"href":"http:\/\/jungle-productions.com\/en\/wp-json\/wp\/v2\/types\/page"}],"author":[{"embeddable":true,"href":"http:\/\/jungle-productions.com\/en\/wp-json\/wp\/v2\/users\/2"}],"replies":[{"embeddable":true,"href":"http:\/\/jungle-productions.com\/en\/wp-json\/wp\/v2\/comments?post=3359"}],"version-history":[{"count":12,"href":"http:\/\/jungle-productions.com\/en\/wp-json\/wp\/v2\/pages\/3359\/revisions"}],"predecessor-version":[{"id":5182,"href":"http:\/\/jungle-productions.com\/en\/wp-json\/wp\/v2\/pages\/3359\/revisions\/5182"}],"wp:featuredmedia":[{"embeddable":true,"href":"http:\/\/jungle-productions.com\/en\/wp-json\/wp\/v2\/media\/5202"}],"wp:attachment":[{"href":"http:\/\/jungle-productions.com\/en\/wp-json\/wp\/v2\/media?parent=3359"}],"curies":[{"name":"wp","href":"https:\/\/api.w.org\/{rel}","templated":true}]}}